{"id":61092,"date":"2016-12-15T20:25:20","date_gmt":"2016-12-15T19:25:20","guid":{"rendered":"https:\/\/www.diaphanum.es\/documentacio-legal\/"},"modified":"2026-02-04T12:21:31","modified_gmt":"2026-02-04T11:21:31","slug":"documentacio-legal","status":"publish","type":"page","link":"https:\/\/www.diaphanum.es\/ca\/documentacio-legal\/","title":{"rendered":"Documentaci\u00f3 Legal"},"content":{"rendered":"[vc_row type=&#8221;in_container&#8221; full_screen_row_position=&#8221;middle&#8221; column_margin=&#8221;default&#8221; column_direction=&#8221;default&#8221; column_direction_tablet=&#8221;default&#8221; column_direction_phone=&#8221;default&#8221; scene_position=&#8221;center&#8221; text_color=&#8221;dark&#8221; text_align=&#8221;left&#8221; row_border_radius=&#8221;none&#8221; row_border_radius_applies=&#8221;bg&#8221; overflow=&#8221;visible&#8221; overlay_strength=&#8221;0.3&#8243; gradient_direction=&#8221;left_to_right&#8221; shape_divider_position=&#8221;bottom&#8221; bg_image_animation=&#8221;none&#8221;][vc_column column_padding=&#8221;no-extra-padding&#8221; column_padding_tablet=&#8221;inherit&#8221; column_padding_phone=&#8221;inherit&#8221; column_padding_position=&#8221;all&#8221; column_element_spacing=&#8221;default&#8221; background_color_opacity=&#8221;1&#8243; background_hover_color_opacity=&#8221;1&#8243; column_shadow=&#8221;none&#8221; column_border_radius=&#8221;none&#8221; column_link_target=&#8221;_self&#8221; column_position=&#8221;default&#8221; gradient_direction=&#8221;left_to_right&#8221; overlay_strength=&#8221;0.3&#8243; width=&#8221;1\/1&#8243; tablet_width_inherit=&#8221;default&#8221; tablet_text_alignment=&#8221;default&#8221; phone_text_alignment=&#8221;default&#8221; animation_type=&#8221;default&#8221; bg_image_animation=&#8221;none&#8221; border_type=&#8221;simple&#8221; column_border_width=&#8221;none&#8221; column_border_style=&#8221;solid&#8221;][vc_column_text][\/vc_column_text]<div class=\"iwithtext\"><div class=\"iwt-icon\"> <i class=\"icon-default-style fa fa-file-pdf-o accent-color\"><\/i> <\/div><div class=\"iwt-text\"> \n<h4>Informaci\u00f3 general<\/h4>\n<p><a href=\"https:\/\/www.diaphanum.es\/wp-content\/uploads\/Informacion-General-sobre-la-Entidad-y-los-servicios-que-presta.pdf\" target=\"_blank\" rel=\"noopener noreferrer\">Descarregar arxiu<\/a> <\/div><div class=\"clear\"><\/div><\/div><div class=\"iwithtext\"><div class=\"iwt-icon\"> <i class=\"icon-default-style fa fa-file-pdf-o accent-color\"><\/i> <\/div><div class=\"iwt-text\"> \n<h4>Fulleto de Tarifas<\/h4>\n<p><a href=\"https:\/\/www.diaphanum.es\/wp-content\/uploads\/Diaphanum_Folleto-de-Tarifas_v1.6.pdf\" target=\"_blank\" rel=\"noopener noreferrer\">Descarregar arxiu<\/a> <\/div><div class=\"clear\"><\/div><\/div><div class=\"iwithtext\"><div class=\"iwt-icon\"> <i class=\"icon-default-style fa fa-file-pdf-o accent-color\"><\/i> <\/div><div class=\"iwt-text\"> \n<h4>Pol\u00edtica de Millor Execuci\u00f3 i Gesti\u00f3 d&#8217; Ordres<\/h4>\n<p><a href=\"https:\/\/www.diaphanum.es\/wp-content\/uploads\/Diaphanum_Politica-de-Mejor-Ejecucion-y-Gestion-de-Ordenes_v4.1_compressed.pdf\">Descarregar arxiu<\/a> <\/div><div class=\"clear\"><\/div><\/div><div class=\"iwithtext\"><div class=\"iwt-icon\"> <i class=\"icon-default-style fa fa-file-pdf-o accent-color\"><\/i> <\/div><div class=\"iwt-text\"> \n<h4>Quadre Millor Execuci\u00f3 i Gesti\u00f3 d&#8217; Ordres<\/h4>\n<p><a href=\"https:\/\/www.diaphanum.es\/wp-content\/uploads\/2021\/03\/LEGAL_Cuadro-Mejor-Ejecucion-y-Gestion-de-Ordenes.pdf\" target=\"_blank\" rel=\"noopener noreferrer\">Descarregar arxiu<\/a> <\/div><div class=\"clear\"><\/div><\/div><div class=\"iwithtext\"><div class=\"iwt-icon\"> <i class=\"icon-default-style fa fa-file-pdf-o accent-color\"><\/i> <\/div><div class=\"iwt-text\"> \n<h4>Informe Anual de Solv\u00e8ncia<\/h4>\n<p><a href=\"https:\/\/www.diaphanum.es\/wp-content\/uploads\/Informe-de-SOLVENCIA-2024-Diaphanum-y-su-Grupo.pdf\" target=\"_blank\" rel=\"noopener noreferrer\">Descarregar arxiu<\/a> <\/div><div class=\"clear\"><\/div><\/div><div class=\"iwithtext\"><div class=\"iwt-icon\"> <i class=\"icon-default-style fa fa-file-pdf-o accent-color\"><\/i> <\/div><div class=\"iwt-text\"> \n<h4>Pol\u00edtica de Gesti\u00f3 de Conflictes d&#8217; Inter\u00e8s<\/h4>\n<p><a href=\"https:\/\/www.diaphanum.es\/wp-content\/uploads\/Diaphanum_Politica-de-Gestion-de-Conflictos-de-Interes_v4.pdf\" target=\"_blank\" rel=\"noopener noreferrer\">Descarregar arxiu<\/a> <\/div><div class=\"clear\"><\/div><\/div><div class=\"iwithtext\"><div class=\"iwt-icon\"> <i class=\"icon-default-style fa fa-file-pdf-o accent-color\"><\/i> <\/div><div class=\"iwt-text\"> \n<h4>Pol\u00edtica d&#8217; Incentius<\/h4>\n<p><a href=\"https:\/\/www.diaphanum.es\/wp-content\/uploads\/Politica-de-Incentivos_web_v5.0.pdf\" target=\"_blank\" rel=\"noopener noreferrer\">Descarregar arxiu<\/a> <\/div><div class=\"clear\"><\/div><\/div><div class=\"iwithtext\"><div class=\"iwt-icon\"> <i class=\"icon-default-style fa fa-file-pdf-o accent-color\"><\/i> <\/div><div class=\"iwt-text\"> \n<h4>Pol\u00edtica de Conveni\u00e8ncia i Idone\u00eftat<\/h4>\n<p><a href=\"https:\/\/www.diaphanum.es\/wp-content\/uploads\/Diaphanum_Politica-Conveniencia-e-Idoneidad_v4-1.pdf\" target=\"_blank\" rel=\"noopener noreferrer\">Descarregar arxiu<\/a> <\/div><div class=\"clear\"><\/div><\/div><div class=\"iwithtext\"><div class=\"iwt-icon\"> <i class=\"icon-default-style fa fa-file-pdf-o accent-color\"><\/i> <\/div><div class=\"iwt-text\"> \n<h4>Pol\u00edtica de Classificaci\u00f3 Productes<\/h4>\n<p><a href=\"https:\/\/www.diaphanum.es\/wp-content\/uploads\/Diaphanum_Politica-Clasificacion-Productos_v2.pdf\" target=\"_blank\" rel=\"noopener noreferrer\">Descarregar arxiu<\/a> <\/div><div class=\"clear\"><\/div><\/div><div class=\"iwithtext\"><div class=\"iwt-icon\"> <i class=\"icon-default-style fa fa-file-pdf-o accent-color\"><\/i> <\/div><div class=\"iwt-text\"> \n<h4>Pol\u00edtica de Classificaci\u00f3 Clients<\/h4>\n<p><a href=\"https:\/\/www.diaphanum.es\/wp-content\/uploads\/Diaphanum_Politica-Clasificacion-Clientes_v4.pdf\" target=\"_blank\" rel=\"noopener noreferrer\">Descarregar arxiu<\/a> <\/div><div class=\"clear\"><\/div><\/div><div class=\"iwithtext\"><div class=\"iwt-icon\"> <i class=\"icon-default-style fa fa-file-pdf-o accent-color\"><\/i> <\/div><div class=\"iwt-text\"> \n<h4>Pol\u00edtica d&#8217; Implicaci\u00f3<\/h4>\n<p><a href=\"https:\/\/www.diaphanum.es\/wp-content\/uploads\/Diaphanum_Politica-de-Implicacion_v2.pdf\" target=\"_blank\" rel=\"noopener noreferrer\">Descarregar arxiu<\/a> <\/div><div class=\"clear\"><\/div><\/div><div class=\"iwithtext\"><div class=\"iwt-icon\"> <i class=\"icon-default-style fa fa-file-pdf-o accent-color\"><\/i> <\/div><div class=\"iwt-text\"> \n<h4>Pol\u00edtica de Salvaguarda d&#8217; Instruments Financers<\/h4>\n<p><a href=\"https:\/\/www.diaphanum.es\/wp-content\/uploads\/Diaphanum_Politica-de-Salvaguarda-de-Instrumentos-Financieros_v2.pdf\" target=\"_blank\" rel=\"noopener noreferrer\">Descarregar arxiu<\/a> <\/div><div class=\"clear\"><\/div><\/div><div class=\"iwithtext\"><div class=\"iwt-icon\"> <i class=\"icon-default-style fa fa-file-pdf-o accent-color\"><\/i> <\/div><div class=\"iwt-text\"> \n<h4>Informaci\u00f3 Precontractual del Servei d&#8217; Assessorament Recurrent<\/h4>\n<p><a href=\"https:\/\/www.diaphanum.es\/wp-content\/uploads\/2018\/07\/LEGAL_Ficha-de-Info-Precontractual-del-Servicio-de-Asesoramiento-Recurrente.pdf\" target=\"_blank\" rel=\"noopener noreferrer\">Descarregar arxiu<\/a> <\/div><div class=\"clear\"><\/div><\/div><div class=\"iwithtext\"><div class=\"iwt-icon\"> <i class=\"icon-default-style fa fa-file-pdf-o accent-color\"><\/i> <\/div><div class=\"iwt-text\"> \n<h4>Informaci\u00f3 Precontractual Test de Conveni\u00e8ncia i Idone\u00eftat i Prefer\u00e8ncies de Sostenibilitat<\/h4>\n<p><a href=\"https:\/\/www.diaphanum.es\/wp-content\/uploads\/Diaphanum_Documentacion-Pre-Contractual-Clientes_ESG.pdf\" target=\"_blank\" rel=\"noopener noreferrer\">Descarregar arxiu<\/a> <\/div><div class=\"clear\"><\/div><\/div><div class=\"iwithtext\"><div class=\"iwt-icon\"> <i class=\"icon-default-style fa fa-file-pdf-o accent-color\"><\/i> <\/div><div class=\"iwt-text\"> \n<h4>Informaci\u00f3 Precontractual del Servei de Gesti\u00f3 Discrecional de Carteres<\/h4>\n<p><a href=\"https:\/\/www.diaphanum.es\/wp-content\/uploads\/LEGAL_Ficha-de-Info-Precontractual-del-Servicio-de-Gestion-Discrecional-de-Carteras.pdf\" target=\"_blank\" rel=\"noopener noreferrer\">Descarregar arxiu<\/a> <\/div><div class=\"clear\"><\/div><\/div><div class=\"iwithtext\"><div class=\"iwt-icon\"> <i class=\"icon-default-style fa fa-file-pdf-o accent-color\"><\/i> <\/div><div class=\"iwt-text\"> \n<h4>Contracte Marc Global<\/h4>\n<p><a href=\"https:\/\/www.diaphanum.es\/wp-content\/uploads\/Diaphanum_Contrato-Marco-Global-1.pdf\" target=\"_blank\" rel=\"noopener noreferrer\">Descarregar arxiu<\/a> <\/div><div class=\"clear\"><\/div><\/div><div class=\"iwithtext\"><div class=\"iwt-icon\"> <i class=\"icon-default-style fa fa-file-pdf-o accent-color\"><\/i> <\/div><div class=\"iwt-text\"> \n<h4>Govern Corporatiu i Pol\u00edtica de Remuneracions<\/h4>\n<p><a href=\"https:\/\/www.diaphanum.es\/wp-content\/uploads\/Gobierno-Corporativo-y-Politica-de-Remuneraciones.pdf\" target=\"_blank\" rel=\"noopener noreferrer\">Descarregar arxiu<\/a> <\/div><div class=\"clear\"><\/div><\/div><div class=\"iwithtext\"><div class=\"iwt-icon\"> <i class=\"icon-default-style fa fa-file-pdf-o accent-color\"><\/i> <\/div><div class=\"iwt-text\"> \n<h4>Naturalesa i Riscos dels Productes Financers<\/h4>\n<p><a href=\"https:\/\/www.diaphanum.es\/wp-content\/uploads\/2018\/12\/LEGAL_Naturaleza-y-Riesgos-de-los-Productos-Financieros.pdf\" target=\"_blank\" rel=\"noopener noreferrer\">Descarregar arxiu  <\/a><a href=\"https:\/\/www.diaphanum.es\/wp-content\/uploads\/2018\/12\/LEGAL_Gobierno-Corporativo-y-Pol\u00edtica-de-Remuneraciones.pdf\" target=\"_blank\" rel=\"noopener noreferrer\"> <\/div><div class=\"clear\"><\/div><\/div><div class=\"iwithtext\"><div class=\"iwt-icon\"> <i class=\"icon-default-style fa fa-file-pdf-o accent-color\"><\/i> <\/div><div class=\"iwt-text\"> <\/a><\/p>\n<h4>Informaci\u00f3 sobre la identitat dels Centres d&#8217; Execuci\u00f3<\/h4>\n<p><a href=\"https:\/\/www.diaphanum.es\/wp-content\/uploads\/INFORMACION-sobre-la-identidad-de-los-PRINCIPALES-INTERMEDIARIOS-2023.pdf\">Descarregar arxiu<\/a> <\/div><div class=\"clear\"><\/div><\/div><div class=\"iwithtext\"><div class=\"iwt-icon\"> <i class=\"icon-default-style fa fa-file-pdf-o accent-color\"><\/i> <\/div><div class=\"iwt-text\"> \n<h4>Pol\u00edtica d&#8217;Integraci\u00f3 de Riscos de Sostenibilitat (ESG)<\/h4>\n<p><a href=\"https:\/\/www.diaphanum.es\/wp-content\/uploads\/Diaphanum_Politica-de-integracion-de-riesgos-de-sostenibilidad-ESG.pdf\">Descarregar arxiu  <\/a> <\/div><div class=\"clear\"><\/div><\/div><div class=\"iwithtext\"><div class=\"iwt-icon\"> <i class=\"icon-default-style fa fa-file-pdf-o accent-color\"><\/i> <\/div><div class=\"iwt-text\"> \n<h4>Reglament per a la defensa del Client<\/h4>\n<p><a href=\"https:\/\/www.diaphanum.es\/wp-content\/uploads\/Diaphanum_Reglamento%20para%20la%20Defensa%20del%20Cliente.pdf\">Descarregar arxiu  <\/a> <\/div><div class=\"clear\"><\/div><\/div><div class=\"iwithtext\"><div class=\"iwt-icon\"> <i class=\"icon-default-style fa fa-file-pdf-o accent-color\"><\/i> <\/div><div class=\"iwt-text\"> \n<h4>Comptes anuals i informes d&#8217; auditoria DIAPHANUM i GRUP CONSOLIDAT<\/h4>\n<p><a href=\"https:\/\/www.diaphanum.es\/wp-content\/uploads\/Informe-Audit.-firmado-y-CCAA-DPH-2024.pdf\">Descarregar arxiu<\/a><\/p>\n<p><a href=\"https:\/\/www.diaphanum.es\/wp-content\/uploads\/Informe-Audit.-firmado-y-CCAACC-Do-Ut-Des-Partners-2024.pdf\">Descarregar arxiu<\/a> <\/div><div class=\"clear\"><\/div><\/div><div class=\"iwithtext\"><div class=\"iwt-icon\"> <i class=\"icon-default-style fa fa-file-pdf-o accent-color\"><\/i> <\/div><div class=\"iwt-text\"> \n<h4>Estatuts Socials<\/h4>\n<p><a href=\"https:\/\/www.diaphanum.es\/wp-content\/uploads\/Estatutos%20sociales%20(autorizados).pdf\">Descarregar arxiu<\/a> <\/div><div class=\"clear\"><\/div><\/div><div class=\"iwithtext\"><div class=\"iwt-icon\"> <i class=\"icon-default-style fa fa-file-pdf-o accent-color\"><\/i> <\/div><div class=\"iwt-text\"> \n<h4>Consell d&#8217; Administraci\u00f3 DIAPHANUM VALORES, SV, S.A.U<\/h4>\n<p><a href=\"https:\/\/www.diaphanum.es\/wp-content\/uploads\/Consejo-de-Administracion-Diaphanum.pdf\">Descarregar arxiu<\/a> <\/div><div class=\"clear\"><\/div><\/div><div class=\"iwithtext\"><div class=\"iwt-icon\"> <i class=\"icon-default-style fa fa-file-pdf-o accent-color\"><\/i> <\/div><div class=\"iwt-text\"> \n<h4>Reglament del Consell d&#8217; Administraci\u00f3<\/h4>\n<p><a href=\"https:\/\/www.diaphanum.es\/wp-content\/uploads\/Reglamento-Consejo-de-Administracion.pdf\">Descarregar arxiu<\/a> <\/div><div class=\"clear\"><\/div><\/div><div class=\"iwithtext\"><div class=\"iwt-icon\"> <i class=\"icon-default-style fa fa-file-pdf-o accent-color\"><\/i> <\/div><div class=\"iwt-text\"> \n<h4>Manual d&#8217; Organitzaci\u00f3 i Responsabilitats<\/h4>\n<p><a href=\"https:\/\/www.diaphanum.es\/wp-content\/uploads\/Manual-de-Organizacion-y-Responsabilidades.pdf\">Descarregar arxiu<\/a> <\/div><div class=\"clear\"><\/div><\/div>[vc_custom_heading text=&#8221;Q\u00fcestions rellevants en mat\u00e8ria de sosteniblitat&#8221; font_container=&#8221;tag:h3|text_align:center&#8221;][\/vc_column][\/vc_row][vc_row type=&#8221;in_container&#8221; full_screen_row_position=&#8221;middle&#8221; column_margin=&#8221;default&#8221; column_direction=&#8221;default&#8221; column_direction_tablet=&#8221;default&#8221; column_direction_phone=&#8221;default&#8221; scene_position=&#8221;center&#8221; text_color=&#8221;dark&#8221; text_align=&#8221;left&#8221; row_border_radius=&#8221;none&#8221; row_border_radius_applies=&#8221;bg&#8221; overflow=&#8221;visible&#8221; overlay_strength=&#8221;0.3&#8243; gradient_direction=&#8221;left_to_right&#8221; shape_divider_position=&#8221;bottom&#8221; bg_image_animation=&#8221;none&#8221;][vc_column column_padding=&#8221;no-extra-padding&#8221; column_padding_tablet=&#8221;inherit&#8221; column_padding_phone=&#8221;inherit&#8221; column_padding_position=&#8221;all&#8221; column_element_spacing=&#8221;default&#8221; background_color_opacity=&#8221;1&#8243; background_hover_color_opacity=&#8221;1&#8243; column_shadow=&#8221;none&#8221; column_border_radius=&#8221;none&#8221; column_link_target=&#8221;_self&#8221; column_position=&#8221;default&#8221; gradient_direction=&#8221;left_to_right&#8221; overlay_strength=&#8221;0.3&#8243; width=&#8221;1\/1&#8243; tablet_width_inherit=&#8221;default&#8221; tablet_text_alignment=&#8221;default&#8221; phone_text_alignment=&#8221;default&#8221; animation_type=&#8221;default&#8221; bg_image_animation=&#8221;none&#8221; border_type=&#8221;simple&#8221; column_border_width=&#8221;none&#8221; column_border_style=&#8221;solid&#8221;][vc_column_text]1.<strong> Risc de Sostenibilitat <\/strong> <\/p>\n<p>El risc de sostenibilitat de les inversions realitzades (ent\u00e8s com un fet o condici\u00f3 ambiental, social o de governan\u00e7a que, de produir-se, podria provocar un impacte material negatiu en el valor de la inversi\u00f3) dependr\u00e0, entre altres factors, del tipus d&#8217;emissor, el sector d&#8217;activitat o la seva localitzaci\u00f3 geogr\u00e0fica. D&#8217;aquesta manera, les inversions amb un major risc de sostenibilitat associat poden ocasionar una disminuci\u00f3 del preu dels actius subjacents i, per tant, afectar negativament el valor liquidatiu de la seva participaci\u00f3 en el\/s fons\/s d&#8217;inversi\u00f3. <\/p>\n<p>2. <strong>Pol\u00edtica d&#8217;integraci\u00f3 dels riscos de sostenibilitat en el seu proc\u00e9s de presa de decisions d&#8217;inversi\u00f3: <\/strong> <\/p>\n<p>Actualment, Diaphanum Valores, SV, S.A.U. ha elaborat i aprovat d&#8217; una pol\u00edtica d&#8217; integraci\u00f3 dels riscos de sostenibilitat en el seu proc\u00e9s de presa de decisions d&#8217; inversi\u00f3, aix\u00ed com del servei d&#8217; assessorament en mat\u00e8ria d&#8217; inversi\u00f3.<\/p>\n<p>3.  <a name=\"_Toc66209737\"><\/a><strong>Procediment de les incid\u00e8ncies adverses  <\/strong><\/p>\n<p>Respecte de la naturalesa dels productes comercialitzats per Diaphanum Valores, SV, S.A.U., l&#8217; Entitat no realitza una an\u00e0lisi sobre les incid\u00e8ncies adverses de les decisions d&#8217; inversi\u00f3 sobre els factors de sostenibilitat, ja que no disposa actualment de la informaci\u00f3 necess\u00e0ria a aquests efectes.<\/p>\n<p>4. <strong>Transpar\u00e8ncia d&#8217;aspectes sostenibles <\/strong> <\/p>\n<p>Diaphanum Valores, SV, S.A.U. considera que la integraci\u00f3 dels criteris en mat\u00e8ria mediambiental, social i de govern corporatiu (ESG) en l&#8217;avaluaci\u00f3 i an\u00e0lisi dels productes pot tenir un efecte favorable en els resultats de les entitats a llarg termini, aix\u00ed com en la contribuci\u00f3 al progr\u00e9s sostenible tant socioecon\u00f2mic com mediambiental.<\/p>\n<p>La informaci\u00f3 relativa a la consideraci\u00f3 dels aspectes ESG en els productes comercialitzats per la Diaphanum Valores, SV, S.A.U. s&#8217; inclou en el fullet de cadascun dels mateixos, si s&#8217; escau. L&#8217; Entitat no realitza una an\u00e0lisi formal dels aspectes ESG ni del seu impacte en el valor dels productes que comercialitza; sin\u00f3 que es limita a tenir en compte la informaci\u00f3 facilitada per les societats gestores i a dur a terme un exercici de transpar\u00e8ncia mitjan\u00e7ant el report d&#8217; aquesta informaci\u00f3. Per a m\u00e9s informaci\u00f3 sobre la integraci\u00f3 dels riscos ESG en el producte, consulteu el fullet i\/o documentaci\u00f3 pre-contractual del mateix.[\/vc_column_text][\/vc_column][\/vc_row]\n","protected":false},"excerpt":{"rendered":"<p>[vc_row type=&#8221;in_container&#8221; full_screen_row_position=&#8221;middle&#8221; column_margin=&#8221;default&#8221; column_direction=&#8221;default&#8221; column_direction_tablet=&#8221;default&#8221; column_direction_phone=&#8221;default&#8221; scene_position=&#8221;center&#8221; text_color=&#8221;dark&#8221; text_align=&#8221;left&#8221; row_border_radius=&#8221;none&#8221; row_border_radius_applies=&#8221;bg&#8221; overflow=&#8221;visible&#8221; overlay_strength=&#8221;0.3&#8243; gradient_direction=&#8221;left_to_right&#8221; shape_divider_position=&#8221;bottom&#8221; bg_image_animation=&#8221;none&#8221;][vc_column column_padding=&#8221;no-extra-padding&#8221; column_padding_tablet=&#8221;inherit&#8221; column_padding_phone=&#8221;inherit&#8221; column_padding_position=&#8221;all&#8221; column_element_spacing=&#8221;default&#8221; background_color_opacity=&#8221;1&#8243; background_hover_color_opacity=&#8221;1&#8243; column_shadow=&#8221;none&#8221; column_border_radius=&#8221;none&#8221; column_link_target=&#8221;_self&#8221; column_position=&#8221;default&#8221; gradient_direction=&#8221;left_to_right&#8221; overlay_strength=&#8221;0.3&#8243;&#8230;<\/p>\n","protected":false},"author":4,"featured_media":0,"parent":0,"menu_order":0,"comment_status":"closed","ping_status":"closed","template":"","meta":{"_acf_changed":false,"footnotes":""},"class_list":["post-61092","page","type-page","status-publish"],"acf":[],"_links":{"self":[{"href":"https:\/\/www.diaphanum.es\/ca\/wp-json\/wp\/v2\/pages\/61092","targetHints":{"allow":["GET"]}}],"collection":[{"href":"https:\/\/www.diaphanum.es\/ca\/wp-json\/wp\/v2\/pages"}],"about":[{"href":"https:\/\/www.diaphanum.es\/ca\/wp-json\/wp\/v2\/types\/page"}],"author":[{"embeddable":true,"href":"https:\/\/www.diaphanum.es\/ca\/wp-json\/wp\/v2\/users\/4"}],"replies":[{"embeddable":true,"href":"https:\/\/www.diaphanum.es\/ca\/wp-json\/wp\/v2\/comments?post=61092"}],"version-history":[{"count":2,"href":"https:\/\/www.diaphanum.es\/ca\/wp-json\/wp\/v2\/pages\/61092\/revisions"}],"predecessor-version":[{"id":61098,"href":"https:\/\/www.diaphanum.es\/ca\/wp-json\/wp\/v2\/pages\/61092\/revisions\/61098"}],"wp:attachment":[{"href":"https:\/\/www.diaphanum.es\/ca\/wp-json\/wp\/v2\/media?parent=61092"}],"curies":[{"name":"wp","href":"https:\/\/api.w.org\/{rel}","templated":true}]}}